{"id":35,"date":"2025-06-30T15:52:41","date_gmt":"2025-06-30T18:52:41","guid":{"rendered":"http:\/\/blackshine.com.br\/?page_id=35"},"modified":"2026-01-19T17:36:11","modified_gmt":"2026-01-19T20:36:11","slug":"our-story","status":"publish","type":"page","link":"https:\/\/blackshine.com.br\/?page_id=35","title":{"rendered":"Our Story"},"content":{"rendered":"\t\t<div data-elementor-type=\"wp-page\" data-elementor-id=\"35\" class=\"elementor elementor-35\">\n\t\t\t\t<div class=\"elementor-element elementor-element-25f4ece3 e-flex e-con-boxed e-con e-parent\" data-id=\"25f4ece3\" data-element_type=\"container\">\n\t\t\t\t\t<div class=\"e-con-inner\">\n\t\t\t\t<div class=\"elementor-element elementor-element-383ace5a elementor-widget elementor-widget-heading\" data-id=\"383ace5a\" data-element_type=\"widget\" data-widget_type=\"heading.default\">\n\t\t\t\t<div class=\"elementor-widget-container\">\n\t\t\t\t\t<h6 class=\"elementor-heading-title elementor-size-default\">Conhe\u00e7a<\/h6>\t\t\t\t<\/div>\n\t\t\t\t<\/div>\n\t\t\t\t<div class=\"elementor-element elementor-element-4b41b40 elementor-widget elementor-widget-heading\" data-id=\"4b41b40\" data-element_type=\"widget\" data-widget_type=\"heading.default\">\n\t\t\t\t<div class=\"elementor-widget-container\">\n\t\t\t\t\t<h2 class=\"elementor-heading-title elementor-size-default\">Nossas Profissionais<\/h2>\t\t\t\t<\/div>\n\t\t\t\t<\/div>\n\t\t\t\t\t<\/div>\n\t\t\t\t<\/div>\n\t\t<div class=\"elementor-element elementor-element-1618ec05 e-flex e-con-boxed e-con e-parent\" data-id=\"1618ec05\" data-element_type=\"container\" data-settings=\"{&quot;background_background&quot;:&quot;classic&quot;}\">\n\t\t\t\t\t<div class=\"e-con-inner\">\n\t\t\t\t<div class=\"elementor-element elementor-element-11c7dc3a elementor-widget__width-initial elementor-position-top elementor-widget elementor-widget-image-box\" data-id=\"11c7dc3a\" data-element_type=\"widget\" data-widget_type=\"image-box.default\">\n\t\t\t\t<div class=\"elementor-widget-container\">\n\t\t\t\t\t<div class=\"elementor-image-box-wrapper\"><figure class=\"elementor-image-box-img\"><img fetchpriority=\"high\" decoding=\"async\" width=\"610\" height=\"901\" src=\"https:\/\/blackshine.com.br\/wp-content\/uploads\/2025\/12\/Assunto-5-e1764805327681.png\" class=\"attachment-full size-full wp-image-256\" alt=\"\" srcset=\"https:\/\/blackshine.com.br\/wp-content\/uploads\/2025\/12\/Assunto-5-e1764805327681.png 610w, https:\/\/blackshine.com.br\/wp-content\/uploads\/2025\/12\/Assunto-5-e1764805327681-203x300.png 203w\" sizes=\"(max-width: 610px) 100vw, 610px\" \/><\/figure><div class=\"elementor-image-box-content\"><h3 class=\"elementor-image-box-title\">Dra. Vivian Etchebest<\/h3><p class=\"elementor-image-box-description\">Ol\u00e1 eu sou a Dra. Vivian. \nBiomedica e especialista em tratamentos faciais.. Minha miss\u00e3o \u00e9 transformar t\u00e9cnicas inovadoras em uma nova auto estima para voc\u00ea! Seja bem vinda ao mundo da est\u00e9tica.<\/p><\/div><\/div>\t\t\t\t<\/div>\n\t\t\t\t<\/div>\n\t\t\t\t<div class=\"elementor-element elementor-element-8550f40 elementor-widget__width-initial elementor-position-top elementor-widget elementor-widget-image-box\" data-id=\"8550f40\" data-element_type=\"widget\" data-widget_type=\"image-box.default\">\n\t\t\t\t<div class=\"elementor-widget-container\">\n\t\t\t\t\t<div class=\"elementor-image-box-wrapper\"><figure class=\"elementor-image-box-img\"><img decoding=\"async\" width=\"1138\" height=\"1268\" src=\"https:\/\/blackshine.com.br\/wp-content\/uploads\/2025\/12\/Assunto-2-1.png\" class=\"attachment-full size-full wp-image-253\" alt=\"\" srcset=\"https:\/\/blackshine.com.br\/wp-content\/uploads\/2025\/12\/Assunto-2-1.png 1138w, https:\/\/blackshine.com.br\/wp-content\/uploads\/2025\/12\/Assunto-2-1-269x300.png 269w, https:\/\/blackshine.com.br\/wp-content\/uploads\/2025\/12\/Assunto-2-1-919x1024.png 919w, https:\/\/blackshine.com.br\/wp-content\/uploads\/2025\/12\/Assunto-2-1-768x856.png 768w\" sizes=\"(max-width: 1138px) 100vw, 1138px\" \/><\/figure><div class=\"elementor-image-box-content\"><h3 class=\"elementor-image-box-title\">Andriele Dinech, a Fada.<\/h3><p class=\"elementor-image-box-description\">Seja bem vinda ao mundo da FADA!\nA alguns anos atras descobri o meu prop\u00f3sito:\nTe mostrar como voc\u00ea \u00e9 linda e incr\u00edvel, real\u00e7ando com pequenos ajustes, a beleza que ja existe em voc\u00ea! \nMeu objetivo \u00e9 te fazer voltar a sorrir, te dar mais confian\u00e7a e auto estima para enfrentar os desafios de ser mulher! <br><br>E ai, pronta pra conhecer a sua nova vers\u00e3o?\n<\/p><\/div><\/div>\t\t\t\t<\/div>\n\t\t\t\t<\/div>\n\t\t\t\t<div class=\"elementor-element elementor-element-40c3e831 elementor-widget__width-initial elementor-position-top elementor-widget elementor-widget-image-box\" data-id=\"40c3e831\" data-element_type=\"widget\" data-widget_type=\"image-box.default\">\n\t\t\t\t<div class=\"elementor-widget-container\">\n\t\t\t\t\t<div class=\"elementor-image-box-wrapper\"><figure class=\"elementor-image-box-img\"><img decoding=\"async\" width=\"645\" height=\"1024\" src=\"https:\/\/blackshine.com.br\/wp-content\/uploads\/2025\/12\/Assunto-4-645x1024.png\" class=\"attachment-large size-large wp-image-255\" alt=\"\" srcset=\"https:\/\/blackshine.com.br\/wp-content\/uploads\/2025\/12\/Assunto-4-645x1024.png 645w, https:\/\/blackshine.com.br\/wp-content\/uploads\/2025\/12\/Assunto-4-189x300.png 189w, https:\/\/blackshine.com.br\/wp-content\/uploads\/2025\/12\/Assunto-4-768x1220.png 768w, https:\/\/blackshine.com.br\/wp-content\/uploads\/2025\/12\/Assunto-4.png 913w\" sizes=\"(max-width: 645px) 100vw, 645px\" \/><\/figure><div class=\"elementor-image-box-content\"><h3 class=\"elementor-image-box-title\">Esther de Souza<\/h3><p class=\"elementor-image-box-description\">Oie! Me chamo Esther e estou aqui para garantir que voc\u00ea seja muito bem recebida!! \nSou respons\u00e1vel pelo atendimento e tmabem por alguns dos  tratamentos e procedimentos que v\u00e3o recuperar sua beleza. Estamos te aguardando com aquele mimo da fada!<\/p><\/div><\/div>\t\t\t\t<\/div>\n\t\t\t\t<\/div>\n\t\t\t\t\t<\/div>\n\t\t\t\t<\/div>\n\t\t<div class=\"elementor-element elementor-element-5be5bbd e-flex e-con-boxed e-con e-parent\" data-id=\"5be5bbd\" data-element_type=\"container\" data-settings=\"{&quot;background_background&quot;:&quot;classic&quot;}\">\n\t\t\t\t\t<div class=\"e-con-inner\">\n\t\t\t\t<div class=\"elementor-element elementor-element-a171d8a elementor-widget elementor-widget-spacer\" data-id=\"a171d8a\" data-element_type=\"widget\" data-widget_type=\"spacer.default\">\n\t\t\t\t<div class=\"elementor-widget-container\">\n\t\t\t\t\t\t\t<div class=\"elementor-spacer\">\n\t\t\t<div class=\"elementor-spacer-inner\"><\/div>\n\t\t<\/div>\n\t\t\t\t\t\t<\/div>\n\t\t\t\t<\/div>\n\t\t\t\t<div class=\"elementor-element elementor-element-9c28bfd elementor-widget elementor-widget-heading\" data-id=\"9c28bfd\" data-element_type=\"widget\" data-widget_type=\"heading.default\">\n\t\t\t\t<div class=\"elementor-widget-container\">\n\t\t\t\t\t<h2 class=\"elementor-heading-title elementor-size-default\">Conhe\u00e7a nosso espa\u00e7o<\/h2>\t\t\t\t<\/div>\n\t\t\t\t<\/div>\n\t\t\t\t<div class=\"elementor-element elementor-element-5b075c2 elementor-widget elementor-widget-spacer\" data-id=\"5b075c2\" data-element_type=\"widget\" data-widget_type=\"spacer.default\">\n\t\t\t\t<div class=\"elementor-widget-container\">\n\t\t\t\t\t\t\t<div class=\"elementor-spacer\">\n\t\t\t<div class=\"elementor-spacer-inner\"><\/div>\n\t\t<\/div>\n\t\t\t\t\t\t<\/div>\n\t\t\t\t<\/div>\n\t\t\t\t<div class=\"elementor-element elementor-element-8ede842 elementor-arrows-position-inside elementor-pagination-position-outside elementor-widget elementor-widget-image-carousel\" data-id=\"8ede842\" data-element_type=\"widget\" data-settings=\"{&quot;navigation&quot;:&quot;both&quot;,&quot;autoplay&quot;:&quot;yes&quot;,&quot;pause_on_hover&quot;:&quot;yes&quot;,&quot;pause_on_interaction&quot;:&quot;yes&quot;,&quot;autoplay_speed&quot;:5000,&quot;infinite&quot;:&quot;yes&quot;,&quot;speed&quot;:500}\" data-widget_type=\"image-carousel.default\">\n\t\t\t\t<div class=\"elementor-widget-container\">\n\t\t\t\t\t\t\t<div class=\"elementor-image-carousel-wrapper swiper\" role=\"region\" aria-roledescription=\"carousel\" aria-label=\"Carrossel de imagens\" dir=\"ltr\">\n\t\t\t<div class=\"elementor-image-carousel swiper-wrapper\" aria-live=\"off\">\n\t\t\t\t\t\t\t\t<div class=\"swiper-slide\" role=\"group\" aria-roledescription=\"slide\" aria-label=\"1 of 3\"><figure class=\"swiper-slide-inner\"><img decoding=\"async\" class=\"swiper-slide-image\" src=\"https:\/\/blackshine.com.br\/wp-content\/uploads\/2025\/12\/31516B3E-6CF9-42E2-B08C-BFFC37BF5F07.png\" alt=\"31516B3E-6CF9-42E2-B08C-BFFC37BF5F07\" \/><\/figure><\/div><div class=\"swiper-slide\" role=\"group\" aria-roledescription=\"slide\" aria-label=\"2 of 3\"><figure class=\"swiper-slide-inner\"><img decoding=\"async\" class=\"swiper-slide-image\" src=\"https:\/\/blackshine.com.br\/wp-content\/uploads\/2025\/12\/E4FEAB4C-469A-414A-A247-EE84DAC41B6E.png\" alt=\"E4FEAB4C-469A-414A-A247-EE84DAC41B6E\" \/><\/figure><\/div><div class=\"swiper-slide\" role=\"group\" aria-roledescription=\"slide\" aria-label=\"3 of 3\"><figure class=\"swiper-slide-inner\"><img decoding=\"async\" class=\"swiper-slide-image\" src=\"https:\/\/blackshine.com.br\/wp-content\/uploads\/2025\/12\/e9bb810f-0cde-4395-983a-cc96292ec136-md.jpeg\" alt=\"e9bb810f-0cde-4395-983a-cc96292ec136-md\" \/><\/figure><\/div>\t\t\t<\/div>\n\t\t\t\t\t\t\t\t\t\t\t\t<div class=\"elementor-swiper-button elementor-swiper-button-prev\" role=\"button\" tabindex=\"0\">\n\t\t\t\t\t\t<svg aria-hidden=\"true\" class=\"e-font-icon-svg e-eicon-chevron-left\" viewBox=\"0 0 1000 1000\" xmlns=\"http:\/\/www.w3.org\/2000\/svg\"><path d=\"M646 125C629 125 613 133 604 142L308 442C296 454 292 471 292 487 292 504 296 521 308 533L604 854C617 867 629 875 646 875 663 875 679 871 692 858 704 846 713 829 713 812 713 796 708 779 692 767L438 487 692 225C700 217 708 204 708 187 708 171 704 154 692 142 675 129 663 125 646 125Z\"><\/path><\/svg>\t\t\t\t\t<\/div>\n\t\t\t\t\t<div class=\"elementor-swiper-button elementor-swiper-button-next\" role=\"button\" tabindex=\"0\">\n\t\t\t\t\t\t<svg aria-hidden=\"true\" class=\"e-font-icon-svg e-eicon-chevron-right\" viewBox=\"0 0 1000 1000\" xmlns=\"http:\/\/www.w3.org\/2000\/svg\"><path d=\"M696 533C708 521 713 504 713 487 713 471 708 454 696 446L400 146C388 133 375 125 354 125 338 125 325 129 313 142 300 154 292 171 292 187 292 204 296 221 308 233L563 492 304 771C292 783 288 800 288 817 288 833 296 850 308 863 321 871 338 875 354 875 371 875 388 867 400 854L696 533Z\"><\/path><\/svg>\t\t\t\t\t<\/div>\n\t\t\t\t\n\t\t\t\t\t\t\t\t\t<div class=\"swiper-pagination\"><\/div>\n\t\t\t\t\t\t\t\t\t<\/div>\n\t\t\t\t\t\t<\/div>\n\t\t\t\t<\/div>\n\t\t\t\t\t<\/div>\n\t\t\t\t<\/div>\n\t\t<div class=\"elementor-element elementor-element-e774a7c e-con-full e-flex e-con e-parent\" data-id=\"e774a7c\" data-element_type=\"container\">\n\t\t<div class=\"elementor-element elementor-element-d6f203a e-con-full e-flex e-con e-child\" data-id=\"d6f203a\" data-element_type=\"container\">\n\t\t\t\t<div class=\"elementor-element elementor-element-7bccd1e elementor-widget elementor-widget-spacer\" data-id=\"7bccd1e\" data-element_type=\"widget\" data-widget_type=\"spacer.default\">\n\t\t\t\t<div class=\"elementor-widget-container\">\n\t\t\t\t\t\t\t<div class=\"elementor-spacer\">\n\t\t\t<div class=\"elementor-spacer-inner\"><\/div>\n\t\t<\/div>\n\t\t\t\t\t\t<\/div>\n\t\t\t\t<\/div>\n\t\t\t\t<div class=\"elementor-element elementor-element-d386ff3 elementor-widget elementor-widget-heading\" data-id=\"d386ff3\" data-element_type=\"widget\" data-widget_type=\"heading.default\">\n\t\t\t\t<div class=\"elementor-widget-container\">\n\t\t\t\t\t<h2 class=\"elementor-heading-title elementor-size-default\">Feedbacks<br>que amamos!<\/h2>\t\t\t\t<\/div>\n\t\t\t\t<\/div>\n\t\t\t\t<div class=\"elementor-element elementor-element-652395e elementor-widget elementor-widget-spacer\" data-id=\"652395e\" data-element_type=\"widget\" data-widget_type=\"spacer.default\">\n\t\t\t\t<div class=\"elementor-widget-container\">\n\t\t\t\t\t\t\t<div class=\"elementor-spacer\">\n\t\t\t<div class=\"elementor-spacer-inner\"><\/div>\n\t\t<\/div>\n\t\t\t\t\t\t<\/div>\n\t\t\t\t<\/div>\n\t\t\t\t<div class=\"elementor-element elementor-element-5cc7a1e elementor-widget elementor-widget-text-editor\" data-id=\"5cc7a1e\" data-element_type=\"widget\" data-widget_type=\"text-editor.default\">\n\t\t\t\t<div class=\"elementor-widget-container\">\n\t\t\t\t\t\t\t\t\t<p>Veja os que nossas clientes tem a dizer da\u00a0<\/p><p><b>experi\u00eancia de tranforma\u00e7\u00e3o da BlackShine.<\/b><\/p>\t\t\t\t\t\t\t\t<\/div>\n\t\t\t\t<\/div>\n\t\t\t\t<\/div>\n\t\t<div class=\"elementor-element elementor-element-d1eb5fc e-con-full e-flex e-con e-child\" data-id=\"d1eb5fc\" data-element_type=\"container\">\n\t\t\t\t<div class=\"elementor-element elementor-element-a4cc12f elementor-widget elementor-widget-spacer\" data-id=\"a4cc12f\" data-element_type=\"widget\" data-widget_type=\"spacer.default\">\n\t\t\t\t<div class=\"elementor-widget-container\">\n\t\t\t\t\t\t\t<div class=\"elementor-spacer\">\n\t\t\t<div class=\"elementor-spacer-inner\"><\/div>\n\t\t<\/div>\n\t\t\t\t\t\t<\/div>\n\t\t\t\t<\/div>\n\t\t\t\t<div class=\"elementor-element elementor-element-7cfa61e elementor-arrows-position-inside elementor-pagination-position-outside elementor-widget elementor-widget-image-carousel\" data-id=\"7cfa61e\" data-element_type=\"widget\" data-settings=\"{&quot;navigation&quot;:&quot;both&quot;,&quot;autoplay&quot;:&quot;yes&quot;,&quot;pause_on_hover&quot;:&quot;yes&quot;,&quot;pause_on_interaction&quot;:&quot;yes&quot;,&quot;autoplay_speed&quot;:5000,&quot;infinite&quot;:&quot;yes&quot;,&quot;speed&quot;:500}\" data-widget_type=\"image-carousel.default\">\n\t\t\t\t<div class=\"elementor-widget-container\">\n\t\t\t\t\t\t\t<div class=\"elementor-image-carousel-wrapper swiper\" role=\"region\" aria-roledescription=\"carousel\" aria-label=\"Carrossel de imagens\" dir=\"ltr\">\n\t\t\t<div class=\"elementor-image-carousel swiper-wrapper\" aria-live=\"off\">\n\t\t\t\t\t\t\t\t<div class=\"swiper-slide\" role=\"group\" aria-roledescription=\"slide\" aria-label=\"1 of 4\"><a data-elementor-open-lightbox=\"yes\" data-elementor-lightbox-slideshow=\"7cfa61e\" data-elementor-lightbox-title=\"Screenshot\" data-e-action-hash=\"#elementor-action%3Aaction%3Dlightbox%26settings%3DeyJpZCI6MzQ5LCJ1cmwiOiJodHRwczpcL1wvYmxhY2tzaGluZS5jb20uYnJcL3dwLWNvbnRlbnRcL3VwbG9hZHNcLzIwMjZcLzAxXC9JTUdfNTgyMy5qcGciLCJzbGlkZXNob3ciOiI3Y2ZhNjFlIn0%3D\" href=\"https:\/\/blackshine.com.br\/wp-content\/uploads\/2026\/01\/IMG_5823.jpg\"><figure class=\"swiper-slide-inner\"><img decoding=\"async\" class=\"swiper-slide-image\" src=\"https:\/\/blackshine.com.br\/wp-content\/uploads\/2026\/01\/IMG_5823.jpg\" alt=\"Screenshot\" \/><\/figure><\/a><\/div><div class=\"swiper-slide\" role=\"group\" aria-roledescription=\"slide\" aria-label=\"2 of 4\"><a data-elementor-open-lightbox=\"yes\" data-elementor-lightbox-slideshow=\"7cfa61e\" data-elementor-lightbox-title=\"Screenshot\" data-e-action-hash=\"#elementor-action%3Aaction%3Dlightbox%26settings%3DeyJpZCI6MzUwLCJ1cmwiOiJodHRwczpcL1wvYmxhY2tzaGluZS5jb20uYnJcL3dwLWNvbnRlbnRcL3VwbG9hZHNcLzIwMjZcLzAxXC9JTUdfNTgyNS5qcGciLCJzbGlkZXNob3ciOiI3Y2ZhNjFlIn0%3D\" href=\"https:\/\/blackshine.com.br\/wp-content\/uploads\/2026\/01\/IMG_5825.jpg\"><figure class=\"swiper-slide-inner\"><img decoding=\"async\" class=\"swiper-slide-image\" src=\"https:\/\/blackshine.com.br\/wp-content\/uploads\/2026\/01\/IMG_5825.jpg\" alt=\"Screenshot\" \/><\/figure><\/a><\/div><div class=\"swiper-slide\" role=\"group\" aria-roledescription=\"slide\" aria-label=\"3 of 4\"><a data-elementor-open-lightbox=\"yes\" data-elementor-lightbox-slideshow=\"7cfa61e\" data-elementor-lightbox-title=\"Screenshot\" data-e-action-hash=\"#elementor-action%3Aaction%3Dlightbox%26settings%3DeyJpZCI6MzUxLCJ1cmwiOiJodHRwczpcL1wvYmxhY2tzaGluZS5jb20uYnJcL3dwLWNvbnRlbnRcL3VwbG9hZHNcLzIwMjZcLzAxXC9JTUdfNTgyNi5qcGciLCJzbGlkZXNob3ciOiI3Y2ZhNjFlIn0%3D\" href=\"https:\/\/blackshine.com.br\/wp-content\/uploads\/2026\/01\/IMG_5826.jpg\"><figure class=\"swiper-slide-inner\"><img decoding=\"async\" class=\"swiper-slide-image\" src=\"https:\/\/blackshine.com.br\/wp-content\/uploads\/2026\/01\/IMG_5826.jpg\" alt=\"Screenshot\" \/><\/figure><\/a><\/div><div class=\"swiper-slide\" role=\"group\" aria-roledescription=\"slide\" aria-label=\"4 of 4\"><a data-elementor-open-lightbox=\"yes\" data-elementor-lightbox-slideshow=\"7cfa61e\" data-elementor-lightbox-title=\"Screenshot\" data-e-action-hash=\"#elementor-action%3Aaction%3Dlightbox%26settings%3DeyJpZCI6MzUyLCJ1cmwiOiJodHRwczpcL1wvYmxhY2tzaGluZS5jb20uYnJcL3dwLWNvbnRlbnRcL3VwbG9hZHNcLzIwMjZcLzAxXC9JTUdfNTgzMS5qcGciLCJzbGlkZXNob3ciOiI3Y2ZhNjFlIn0%3D\" href=\"https:\/\/blackshine.com.br\/wp-content\/uploads\/2026\/01\/IMG_5831.jpg\"><figure class=\"swiper-slide-inner\"><img decoding=\"async\" class=\"swiper-slide-image\" src=\"https:\/\/blackshine.com.br\/wp-content\/uploads\/2026\/01\/IMG_5831.jpg\" alt=\"Screenshot\" \/><\/figure><\/a><\/div>\t\t\t<\/div>\n\t\t\t\t\t\t\t\t\t\t\t\t<div class=\"elementor-swiper-button elementor-swiper-button-prev\" role=\"button\" tabindex=\"0\">\n\t\t\t\t\t\t<svg aria-hidden=\"true\" class=\"e-font-icon-svg e-eicon-chevron-left\" viewBox=\"0 0 1000 1000\" xmlns=\"http:\/\/www.w3.org\/2000\/svg\"><path d=\"M646 125C629 125 613 133 604 142L308 442C296 454 292 471 292 487 292 504 296 521 308 533L604 854C617 867 629 875 646 875 663 875 679 871 692 858 704 846 713 829 713 812 713 796 708 779 692 767L438 487 692 225C700 217 708 204 708 187 708 171 704 154 692 142 675 129 663 125 646 125Z\"><\/path><\/svg>\t\t\t\t\t<\/div>\n\t\t\t\t\t<div class=\"elementor-swiper-button elementor-swiper-button-next\" role=\"button\" tabindex=\"0\">\n\t\t\t\t\t\t<svg aria-hidden=\"true\" class=\"e-font-icon-svg e-eicon-chevron-right\" viewBox=\"0 0 1000 1000\" xmlns=\"http:\/\/www.w3.org\/2000\/svg\"><path d=\"M696 533C708 521 713 504 713 487 713 471 708 454 696 446L400 146C388 133 375 125 354 125 338 125 325 129 313 142 300 154 292 171 292 187 292 204 296 221 308 233L563 492 304 771C292 783 288 800 288 817 288 833 296 850 308 863 321 871 338 875 354 875 371 875 388 867 400 854L696 533Z\"><\/path><\/svg>\t\t\t\t\t<\/div>\n\t\t\t\t\n\t\t\t\t\t\t\t\t\t<div class=\"swiper-pagination\"><\/div>\n\t\t\t\t\t\t\t\t\t<\/div>\n\t\t\t\t\t\t<\/div>\n\t\t\t\t<\/div>\n\t\t\t\t<\/div>\n\t\t\t\t<\/div>\n\t\t\t\t<\/div>\n\t\t","protected":false},"excerpt":{"rendered":"<p>Conhe\u00e7a Nossas Profissionais Dra. Vivian Etchebest Ol\u00e1 eu sou a Dra. Vivian. Biomedica e especialista em tratamentos faciais.. Minha miss\u00e3o \u00e9 transformar t\u00e9cnicas inovadoras em uma nova auto estima para voc\u00ea! Seja bem vinda ao mundo da est\u00e9tica. Andriele Dinech, a Fada. Seja bem vinda ao mundo da FADA! A alguns anos atras descobri o [&hellip;]<\/p>\n","protected":false},"author":1,"featured_media":0,"parent":0,"menu_order":0,"comment_status":"closed","ping_status":"closed","template":"elementor_header_footer","meta":{"footnotes":""},"class_list":["post-35","page","type-page","status-publish","hentry"],"yoast_head":"<!-- This site is optimized with the Yoast SEO plugin v26.4 - https:\/\/yoast.com\/wordpress\/plugins\/seo\/ -->\n<title>Our Story - Wordpress<\/title>\n<meta name=\"robots\" content=\"index, follow, max-snippet:-1, max-image-preview:large, max-video-preview:-1\" \/>\n<link rel=\"canonical\" href=\"https:\/\/blackshine.com.br\/?page_id=35\" \/>\n<meta property=\"og:locale\" content=\"en_US\" \/>\n<meta property=\"og:type\" content=\"article\" \/>\n<meta property=\"og:title\" content=\"Our Story - Wordpress\" \/>\n<meta property=\"og:description\" content=\"Conhe\u00e7a Nossas Profissionais Dra. Vivian Etchebest Ol\u00e1 eu sou a Dra. Vivian. Biomedica e especialista em tratamentos faciais.. Minha miss\u00e3o \u00e9 transformar t\u00e9cnicas inovadoras em uma nova auto estima para voc\u00ea! Seja bem vinda ao mundo da est\u00e9tica. Andriele Dinech, a Fada. Seja bem vinda ao mundo da FADA! A alguns anos atras descobri o [&hellip;]\" \/>\n<meta property=\"og:url\" content=\"https:\/\/blackshine.com.br\/?page_id=35\" \/>\n<meta property=\"og:site_name\" content=\"Wordpress\" \/>\n<meta property=\"article:modified_time\" content=\"2026-01-19T20:36:11+00:00\" \/>\n<meta property=\"og:image\" content=\"http:\/\/blackshine.com.br\/wp-content\/uploads\/2025\/12\/Assunto-5-e1764805327681.png\" \/>\n<meta name=\"twitter:card\" content=\"summary_large_image\" \/>\n<meta name=\"twitter:label1\" content=\"Est. reading time\" \/>\n\t<meta name=\"twitter:data1\" content=\"4 minutes\" \/>\n<script type=\"application\/ld+json\" class=\"yoast-schema-graph\">{\"@context\":\"https:\/\/schema.org\",\"@graph\":[{\"@type\":\"WebPage\",\"@id\":\"https:\/\/blackshine.com.br\/?page_id=35\",\"url\":\"https:\/\/blackshine.com.br\/?page_id=35\",\"name\":\"Our Story - Wordpress\",\"isPartOf\":{\"@id\":\"http:\/\/blackshine.com.br\/#website\"},\"primaryImageOfPage\":{\"@id\":\"https:\/\/blackshine.com.br\/?page_id=35#primaryimage\"},\"image\":{\"@id\":\"https:\/\/blackshine.com.br\/?page_id=35#primaryimage\"},\"thumbnailUrl\":\"http:\/\/blackshine.com.br\/wp-content\/uploads\/2025\/12\/Assunto-5-e1764805327681.png\",\"datePublished\":\"2025-06-30T18:52:41+00:00\",\"dateModified\":\"2026-01-19T20:36:11+00:00\",\"breadcrumb\":{\"@id\":\"https:\/\/blackshine.com.br\/?page_id=35#breadcrumb\"},\"inLanguage\":\"en-US\",\"potentialAction\":[{\"@type\":\"ReadAction\",\"target\":[\"https:\/\/blackshine.com.br\/?page_id=35\"]}]},{\"@type\":\"ImageObject\",\"inLanguage\":\"en-US\",\"@id\":\"https:\/\/blackshine.com.br\/?page_id=35#primaryimage\",\"url\":\"https:\/\/blackshine.com.br\/wp-content\/uploads\/2025\/12\/Assunto-5-e1764805327681.png\",\"contentUrl\":\"https:\/\/blackshine.com.br\/wp-content\/uploads\/2025\/12\/Assunto-5-e1764805327681.png\",\"width\":610,\"height\":901},{\"@type\":\"BreadcrumbList\",\"@id\":\"https:\/\/blackshine.com.br\/?page_id=35#breadcrumb\",\"itemListElement\":[{\"@type\":\"ListItem\",\"position\":1,\"name\":\"Home\",\"item\":\"http:\/\/blackshine.com.br\/\"},{\"@type\":\"ListItem\",\"position\":2,\"name\":\"Our Story\"}]},{\"@type\":\"WebSite\",\"@id\":\"http:\/\/blackshine.com.br\/#website\",\"url\":\"http:\/\/blackshine.com.br\/\",\"name\":\"Wordpress\",\"description\":\"\",\"potentialAction\":[{\"@type\":\"SearchAction\",\"target\":{\"@type\":\"EntryPoint\",\"urlTemplate\":\"http:\/\/blackshine.com.br\/?s={search_term_string}\"},\"query-input\":{\"@type\":\"PropertyValueSpecification\",\"valueRequired\":true,\"valueName\":\"search_term_string\"}}],\"inLanguage\":\"en-US\"}]}<\/script>\n<!-- \/ Yoast SEO plugin. -->","yoast_head_json":{"title":"Our Story - Wordpress","robots":{"index":"index","follow":"follow","max-snippet":"max-snippet:-1","max-image-preview":"max-image-preview:large","max-video-preview":"max-video-preview:-1"},"canonical":"https:\/\/blackshine.com.br\/?page_id=35","og_locale":"en_US","og_type":"article","og_title":"Our Story - Wordpress","og_description":"Conhe\u00e7a Nossas Profissionais Dra. Vivian Etchebest Ol\u00e1 eu sou a Dra. Vivian. Biomedica e especialista em tratamentos faciais.. Minha miss\u00e3o \u00e9 transformar t\u00e9cnicas inovadoras em uma nova auto estima para voc\u00ea! Seja bem vinda ao mundo da est\u00e9tica. Andriele Dinech, a Fada. Seja bem vinda ao mundo da FADA! A alguns anos atras descobri o [&hellip;]","og_url":"https:\/\/blackshine.com.br\/?page_id=35","og_site_name":"Wordpress","article_modified_time":"2026-01-19T20:36:11+00:00","og_image":[{"url":"http:\/\/blackshine.com.br\/wp-content\/uploads\/2025\/12\/Assunto-5-e1764805327681.png","type":"","width":"","height":""}],"twitter_card":"summary_large_image","twitter_misc":{"Est. reading time":"4 minutes"},"schema":{"@context":"https:\/\/schema.org","@graph":[{"@type":"WebPage","@id":"https:\/\/blackshine.com.br\/?page_id=35","url":"https:\/\/blackshine.com.br\/?page_id=35","name":"Our Story - Wordpress","isPartOf":{"@id":"http:\/\/blackshine.com.br\/#website"},"primaryImageOfPage":{"@id":"https:\/\/blackshine.com.br\/?page_id=35#primaryimage"},"image":{"@id":"https:\/\/blackshine.com.br\/?page_id=35#primaryimage"},"thumbnailUrl":"http:\/\/blackshine.com.br\/wp-content\/uploads\/2025\/12\/Assunto-5-e1764805327681.png","datePublished":"2025-06-30T18:52:41+00:00","dateModified":"2026-01-19T20:36:11+00:00","breadcrumb":{"@id":"https:\/\/blackshine.com.br\/?page_id=35#breadcrumb"},"inLanguage":"en-US","potentialAction":[{"@type":"ReadAction","target":["https:\/\/blackshine.com.br\/?page_id=35"]}]},{"@type":"ImageObject","inLanguage":"en-US","@id":"https:\/\/blackshine.com.br\/?page_id=35#primaryimage","url":"https:\/\/blackshine.com.br\/wp-content\/uploads\/2025\/12\/Assunto-5-e1764805327681.png","contentUrl":"https:\/\/blackshine.com.br\/wp-content\/uploads\/2025\/12\/Assunto-5-e1764805327681.png","width":610,"height":901},{"@type":"BreadcrumbList","@id":"https:\/\/blackshine.com.br\/?page_id=35#breadcrumb","itemListElement":[{"@type":"ListItem","position":1,"name":"Home","item":"http:\/\/blackshine.com.br\/"},{"@type":"ListItem","position":2,"name":"Our Story"}]},{"@type":"WebSite","@id":"http:\/\/blackshine.com.br\/#website","url":"http:\/\/blackshine.com.br\/","name":"Wordpress","description":"","potentialAction":[{"@type":"SearchAction","target":{"@type":"EntryPoint","urlTemplate":"http:\/\/blackshine.com.br\/?s={search_term_string}"},"query-input":{"@type":"PropertyValueSpecification","valueRequired":true,"valueName":"search_term_string"}}],"inLanguage":"en-US"}]}},"_links":{"self":[{"href":"https:\/\/blackshine.com.br\/index.php?rest_route=\/wp\/v2\/pages\/35","targetHints":{"allow":["GET"]}}],"collection":[{"href":"https:\/\/blackshine.com.br\/index.php?rest_route=\/wp\/v2\/pages"}],"about":[{"href":"https:\/\/blackshine.com.br\/index.php?rest_route=\/wp\/v2\/types\/page"}],"author":[{"embeddable":true,"href":"https:\/\/blackshine.com.br\/index.php?rest_route=\/wp\/v2\/users\/1"}],"replies":[{"embeddable":true,"href":"https:\/\/blackshine.com.br\/index.php?rest_route=%2Fwp%2Fv2%2Fcomments&post=35"}],"version-history":[{"count":52,"href":"https:\/\/blackshine.com.br\/index.php?rest_route=\/wp\/v2\/pages\/35\/revisions"}],"predecessor-version":[{"id":355,"href":"https:\/\/blackshine.com.br\/index.php?rest_route=\/wp\/v2\/pages\/35\/revisions\/355"}],"wp:attachment":[{"href":"https:\/\/blackshine.com.br\/index.php?rest_route=%2Fwp%2Fv2%2Fmedia&parent=35"}],"curies":[{"name":"wp","href":"https:\/\/api.w.org\/{rel}","templated":true}]}}